{"id":2129,"date":"2024-01-19T14:17:42","date_gmt":"2024-01-19T13:17:42","guid":{"rendered":"https:\/\/eshouse.eu\/?page_id=2129"},"modified":"2024-05-08T16:07:51","modified_gmt":"2024-05-08T14:07:51","slug":"saunen","status":"publish","type":"page","link":"https:\/\/eshouse.pl\/de\/saunen\/","title":{"rendered":"Saunen"},"content":{"rendered":"[vc_row type=&#8220;in_container&#8220; full_screen_row_position=&#8220;middle&#8220; column_margin=&#8220;default&#8220; column_direction=&#8220;default&#8220; column_direction_tablet=&#8220;default&#8220; column_direction_phone=&#8220;default&#8220; scene_position=&#8220;center&#8220; text_color=&#8220;dark&#8220; text_align=&#8220;left&#8220; row_border_radius=&#8220;none&#8220; row_border_radius_applies=&#8220;bg&#8220; overflow=&#8220;visible&#8220; overlay_strength=&#8220;0.3&#8243; gradient_direction=&#8220;left_to_right&#8220; shape_divider_position=&#8220;bottom&#8220; bg_image_animation=&#8220;none&#8220;][vc_column column_padding=&#8220;padding-3-percent&#8220; column_padding_tablet=&#8220;inherit&#8220; column_padding_phone=&#8220;inherit&#8220; column_padding_position=&#8220;all&#8220; column_element_direction_desktop=&#8220;default&#8220; column_element_spacing=&#8220;default&#8220; desktop_text_alignment=&#8220;default&#8220; tablet_text_alignment=&#8220;default&#8220; phone_text_alignment=&#8220;default&#8220; background_color_opacity=&#8220;1&#8243; background_hover_color_opacity=&#8220;1&#8243; column_backdrop_filter=&#8220;none&#8220; column_shadow=&#8220;none&#8220; column_border_radius=&#8220;none&#8220; column_link_target=&#8220;_self&#8220; column_position=&#8220;default&#8220; gradient_direction=&#8220;left_to_right&#8220; overlay_strength=&#8220;0.3&#8243; width=&#8220;1\/1&#8243; tablet_width_inherit=&#8220;default&#8220; animation_type=&#8220;default&#8220; bg_image_animation=&#8220;none&#8220; border_type=&#8220;simple&#8220; column_border_width=&#8220;none&#8220; column_border_style=&#8220;solid&#8220; column_padding_type=&#8220;default&#8220; gradient_type=&#8220;default&#8220;][vc_column_text text_direction=&#8220;default&#8220; el_class=&#8220;header-right&#8220;]\n<h1 style=\"text-align: center;\"><strong>HOLZ<\/strong>SAUNEN<\/h1>\n[\/vc_column_text][vc_column_text text_direction=&#8220;default&#8220;]Holzsaunen geh\u00f6ren zu dem popul\u00e4ren Saunatyp, der vor allem aus Holz gebaut wird. Sie sind durch ein gem\u00fctliches und nat\u00fcrliches Aussehen gekennzeichnet, das f\u00fcr Entspannung und Erholung g\u00fcnstig ist. Die Holzsaunen sind auch langlebig, sowie hitze- und feuchtigkeitsbest\u00e4ndig, so dass sie eine hervorragende Wahl f\u00fcr die Personen sind, die nach einer traditionellen und \u00f6kologischen Art der Entspannung suchen.[\/vc_column_text][\/vc_column][\/vc_row][vc_row type=&#8220;in_container&#8220; full_screen_row_position=&#8220;middle&#8220; column_margin=&#8220;default&#8220; column_direction=&#8220;default&#8220; column_direction_tablet=&#8220;default&#8220; column_direction_phone=&#8220;default&#8220; scene_position=&#8220;center&#8220; bottom_padding=&#8220;60&#8243; text_color=&#8220;dark&#8220; text_align=&#8220;left&#8220; row_border_radius=&#8220;none&#8220; row_border_radius_applies=&#8220;bg&#8220; overflow=&#8220;visible&#8220; overlay_strength=&#8220;0.3&#8243; gradient_direction=&#8220;left_to_right&#8220; shape_divider_position=&#8220;bottom&#8220; bg_image_animation=&#8220;none&#8220; gradient_type=&#8220;default&#8220; shape_type=&#8220;&#8220;][vc_column column_padding=&#8220;no-extra-padding&#8220; column_padding_tablet=&#8220;inherit&#8220; column_padding_phone=&#8220;inherit&#8220; column_padding_position=&#8220;all&#8220; column_element_direction_desktop=&#8220;default&#8220; column_element_spacing=&#8220;default&#8220; desktop_text_alignment=&#8220;default&#8220; tablet_text_alignment=&#8220;default&#8220; phone_text_alignment=&#8220;default&#8220; background_color_opacity=&#8220;1&#8243; background_hover_color_opacity=&#8220;1&#8243; column_backdrop_filter=&#8220;none&#8220; column_shadow=&#8220;none&#8220; column_border_radius=&#8220;none&#8220; column_link_target=&#8220;_self&#8220; column_position=&#8220;default&#8220; gradient_direction=&#8220;left_to_right&#8220; overlay_strength=&#8220;0.3&#8243; width=&#8220;1\/1&#8243; tablet_width_inherit=&#8220;default&#8220; animation_type=&#8220;default&#8220; bg_image_animation=&#8220;none&#8220; border_type=&#8220;simple&#8220; column_border_width=&#8220;none&#8220; column_border_style=&#8220;solid&#8220;][vc_column_text text_direction=&#8220;default&#8220;]<div class=\"domki-wrap\"><div class=\"single-domek\">\n\t\t\t<a class=\"domek-link\" href=\"https:\/\/eshouse.pl\/de\/saunen\/sauna-s-1\/\">\n\t\t\t<div class=\"domek-img\" style=\"background-image: url(https:\/\/eshouse.pl\/wp-content\/uploads\/2024\/02\/s2.jpg);\">\n\t\t\t\t<h3>Sauna S.1<\/h3>\n\t\t\t<\/div>\n\t\t\t<div class=\"domek-opis\">\n\t\t\t\t<div class=\"parametry\"><div class=\"par pow-zabudowy\">bebaute Fl\u00e4che: <span class=\"wartosc\">6,59 m<sup>2<\/sup><\/span><\/div><\/div>\n\t\t\t<\/div>\n\t\t\t<\/a>\n\t\t<\/div><div class=\"single-domek\">\n\t\t\t<a class=\"domek-link\" href=\"https:\/\/eshouse.pl\/de\/saunen\/sauna-s-2\/\">\n\t\t\t<div class=\"domek-img\" style=\"background-image: url(https:\/\/eshouse.pl\/wp-content\/uploads\/2024\/02\/s4.jpg);\">\n\t\t\t\t<h3>Sauna S.2<\/h3>\n\t\t\t<\/div>\n\t\t\t<div class=\"domek-opis\">\n\t\t\t\t<div class=\"parametry\"><div class=\"par pow-zabudowy\">bebaute Fl\u00e4che: <span class=\"wartosc\">8,48 m<sup>2<\/sup><\/span><\/div><\/div>\n\t\t\t<\/div>\n\t\t\t<\/a>\n\t\t<\/div><div class=\"single-domek\">\n\t\t\t<a class=\"domek-link\" href=\"https:\/\/eshouse.pl\/de\/saunen\/individueller-entwurf\/\">\n\t\t\t<div class=\"domek-img\" style=\"background-image: url(https:\/\/eshouse.pl\/wp-content\/uploads\/2024\/04\/AdobeStock_84595561.jpg);\">\n\t\t\t\t<h3>Individueller Entwurf<\/h3>\n\t\t\t<\/div>\n\t\t\t<div class=\"domek-opis\">\n\t\t\t\t<div class=\"parametry\"><div class=\"par pow-zabudowy\">bebaute Fl\u00e4che: <span class=\"wartosc\">? m<sup>2<\/sup><\/span><\/div><\/div>\n\t\t\t<\/div>\n\t\t\t<\/a>\n\t\t<\/div><\/div>[\/vc_column_text][\/vc_column][\/vc_row][vc_row type=&#8220;in_container&#8220; full_screen_row_position=&#8220;middle&#8220; column_margin=&#8220;default&#8220; column_direction=&#8220;default&#8220; column_direction_tablet=&#8220;default&#8220; column_direction_phone=&#8220;default&#8220; scene_position=&#8220;center&#8220; text_color=&#8220;dark&#8220; text_align=&#8220;left&#8220; row_border_radius=&#8220;none&#8220; row_border_radius_applies=&#8220;bg&#8220; overflow=&#8220;visible&#8220; overlay_strength=&#8220;0.3&#8243; gradient_direction=&#8220;left_to_right&#8220; shape_divider_position=&#8220;bottom&#8220; bg_image_animation=&#8220;none&#8220;][vc_column column_padding=&#8220;no-extra-padding&#8220; column_padding_tablet=&#8220;inherit&#8220; column_padding_phone=&#8220;inherit&#8220; column_padding_position=&#8220;all&#8220; column_element_direction_desktop=&#8220;default&#8220; column_element_spacing=&#8220;default&#8220; desktop_text_alignment=&#8220;default&#8220; tablet_text_alignment=&#8220;default&#8220; phone_text_alignment=&#8220;default&#8220; background_color_opacity=&#8220;1&#8243; background_hover_color_opacity=&#8220;1&#8243; column_backdrop_filter=&#8220;none&#8220; column_shadow=&#8220;none&#8220; column_border_radius=&#8220;none&#8220; column_link_target=&#8220;_self&#8220; column_position=&#8220;default&#8220; gradient_direction=&#8220;left_to_right&#8220; overlay_strength=&#8220;0.3&#8243; width=&#8220;1\/1&#8243; tablet_width_inherit=&#8220;default&#8220; animation_type=&#8220;default&#8220; bg_image_animation=&#8220;none&#8220; border_type=&#8220;simple&#8220; column_border_width=&#8220;none&#8220; column_border_style=&#8220;solid&#8220;][nectar_global_section id=&#8220;2168&#8243;][\/vc_column][\/vc_row]\n","protected":false},"excerpt":{"rendered":"<p>[vc_row type=&#8220;in_container&#8220; full_screen_row_position=&#8220;middle&#8220; column_margin=&#8220;default&#8220; column_direction=&#8220;default&#8220; column_direction_tablet=&#8220;default&#8220; column_direction_phone=&#8220;default&#8220; scene_position=&#8220;center&#8220; text_color=&#8220;dark&#8220; text_align=&#8220;left&#8220; row_border_radius=&#8220;none&#8220; row_border_radius_applies=&#8220;bg&#8220; overflow=&#8220;visible&#8220; overlay_strength=&#8220;0.3&#8243; gradient_direction=&#8220;left_to_right&#8220; shape_divider_position=&#8220;bottom&#8220; bg_image_animation=&#8220;none&#8220;][vc_column column_padding=&#8220;padding-3-percent&#8220; column_padding_tablet=&#8220;inherit&#8220; column_padding_phone=&#8220;inherit&#8220; column_padding_position=&#8220;all&#8220; column_element_direction_desktop=&#8220;default&#8220; column_element_spacing=&#8220;default&#8220; desktop_text_alignment=&#8220;default&#8220; tablet_text_alignment=&#8220;default&#8220; phone_text_alignment=&#8220;default&#8220; background_color_opacity=&#8220;1&#8243; background_hover_color_opacity=&#8220;1&#8243; column_backdrop_filter=&#8220;none&#8220; column_shadow=&#8220;none&#8220;&#8230;<\/p>\n","protected":false},"author":1,"featured_media":0,"parent":0,"menu_order":0,"comment_status":"closed","ping_status":"closed","template":"","meta":{"_acf_changed":false,"footnotes":""},"class_list":["post-2129","page","type-page","status-publish"],"acf":[],"yoast_head":"<!-- This site is optimized with the Yoast SEO plugin v22.4 - https:\/\/yoast.com\/wordpress\/plugins\/seo\/ -->\n<title>Saunen - Eco Small House<\/title>\n<meta name=\"robots\" content=\"index, follow, max-snippet:-1, max-image-preview:large, max-video-preview:-1\" \/>\n<link rel=\"canonical\" href=\"https:\/\/eshouse.pl\/de\/saunen\/\" \/>\n<meta property=\"og:locale\" content=\"de_DE\" \/>\n<meta property=\"og:type\" content=\"article\" \/>\n<meta property=\"og:title\" content=\"Saunen - Eco Small House\" \/>\n<meta property=\"og:description\" content=\"[vc_row type=&#8220;in_container&#8220; full_screen_row_position=&#8220;middle&#8220; column_margin=&#8220;default&#8220; column_direction=&#8220;default&#8220; column_direction_tablet=&#8220;default&#8220; column_direction_phone=&#8220;default&#8220; scene_position=&#8220;center&#8220; text_color=&#8220;dark&#8220; text_align=&#8220;left&#8220; row_border_radius=&#8220;none&#8220; row_border_radius_applies=&#8220;bg&#8220; overflow=&#8220;visible&#8220; overlay_strength=&#8220;0.3&#8243; gradient_direction=&#8220;left_to_right&#8220; shape_divider_position=&#8220;bottom&#8220; bg_image_animation=&#8220;none&#8220;][vc_column column_padding=&#8220;padding-3-percent&#8220; column_padding_tablet=&#8220;inherit&#8220; column_padding_phone=&#8220;inherit&#8220; column_padding_position=&#8220;all&#8220; column_element_direction_desktop=&#8220;default&#8220; column_element_spacing=&#8220;default&#8220; desktop_text_alignment=&#8220;default&#8220; tablet_text_alignment=&#8220;default&#8220; phone_text_alignment=&#8220;default&#8220; background_color_opacity=&#8220;1&#8243; background_hover_color_opacity=&#8220;1&#8243; column_backdrop_filter=&#8220;none&#8220; column_shadow=&#8220;none&#8220;...\" \/>\n<meta property=\"og:url\" content=\"https:\/\/eshouse.pl\/de\/saunen\/\" \/>\n<meta property=\"og:site_name\" content=\"Eco Small House\" \/>\n<meta property=\"article:publisher\" content=\"https:\/\/www.facebook.com\/ecosmallhouse\" \/>\n<meta property=\"article:modified_time\" content=\"2024-05-08T14:07:51+00:00\" \/>\n<meta name=\"twitter:card\" content=\"summary_large_image\" \/>\n<meta name=\"twitter:label1\" content=\"Gesch\u00e4tzte Lesezeit\" \/>\n\t<meta name=\"twitter:data1\" content=\"2\u00a0Minuten\" \/>\n<script type=\"application\/ld+json\" class=\"yoast-schema-graph\">{\"@context\":\"https:\/\/schema.org\",\"@graph\":[{\"@type\":\"WebPage\",\"@id\":\"https:\/\/eshouse.pl\/de\/saunen\/\",\"url\":\"https:\/\/eshouse.pl\/de\/saunen\/\",\"name\":\"Saunen - Eco Small House\",\"isPartOf\":{\"@id\":\"https:\/\/eshouse.pl\/de\/#website\"},\"datePublished\":\"2024-01-19T13:17:42+00:00\",\"dateModified\":\"2024-05-08T14:07:51+00:00\",\"breadcrumb\":{\"@id\":\"https:\/\/eshouse.pl\/de\/saunen\/#breadcrumb\"},\"inLanguage\":\"de\",\"potentialAction\":[{\"@type\":\"ReadAction\",\"target\":[\"https:\/\/eshouse.pl\/de\/saunen\/\"]}]},{\"@type\":\"BreadcrumbList\",\"@id\":\"https:\/\/eshouse.pl\/de\/saunen\/#breadcrumb\",\"itemListElement\":[{\"@type\":\"ListItem\",\"position\":1,\"name\":\"Strona g\u0142\u00f3wna\",\"item\":\"https:\/\/eshouse.pl\/de\/\"},{\"@type\":\"ListItem\",\"position\":2,\"name\":\"Saunen\"}]},{\"@type\":\"WebSite\",\"@id\":\"https:\/\/eshouse.pl\/de\/#website\",\"url\":\"https:\/\/eshouse.pl\/de\/\",\"name\":\"Eco Small House\",\"description\":\"\",\"publisher\":{\"@id\":\"https:\/\/eshouse.pl\/de\/#organization\"},\"potentialAction\":[{\"@type\":\"SearchAction\",\"target\":{\"@type\":\"EntryPoint\",\"urlTemplate\":\"https:\/\/eshouse.pl\/de\/?s={search_term_string}\"},\"query-input\":\"required name=search_term_string\"}],\"inLanguage\":\"de\"},{\"@type\":\"Organization\",\"@id\":\"https:\/\/eshouse.pl\/de\/#organization\",\"name\":\"Eco Small House\",\"url\":\"https:\/\/eshouse.pl\/de\/\",\"logo\":{\"@type\":\"ImageObject\",\"inLanguage\":\"de\",\"@id\":\"https:\/\/eshouse.pl\/de\/#\/schema\/logo\/image\/\",\"url\":\"https:\/\/eshouse.pl\/wp-content\/uploads\/2024\/01\/ecosmallhouse_200.png\",\"contentUrl\":\"https:\/\/eshouse.pl\/wp-content\/uploads\/2024\/01\/ecosmallhouse_200.png\",\"width\":478,\"height\":200,\"caption\":\"Eco Small House\"},\"image\":{\"@id\":\"https:\/\/eshouse.pl\/de\/#\/schema\/logo\/image\/\"},\"sameAs\":[\"https:\/\/www.facebook.com\/ecosmallhouse\",\"https:\/\/www.instagram.com\/ecosmallhouse\/\",\"https:\/\/www.tiktok.com\/@ecosmallhouse\"]}]}<\/script>\n<!-- \/ Yoast SEO plugin. -->","yoast_head_json":{"title":"Saunen - Eco Small House","robots":{"index":"index","follow":"follow","max-snippet":"max-snippet:-1","max-image-preview":"max-image-preview:large","max-video-preview":"max-video-preview:-1"},"canonical":"https:\/\/eshouse.pl\/de\/saunen\/","og_locale":"de_DE","og_type":"article","og_title":"Saunen - Eco Small House","og_description":"[vc_row type=&#8220;in_container&#8220; full_screen_row_position=&#8220;middle&#8220; column_margin=&#8220;default&#8220; column_direction=&#8220;default&#8220; column_direction_tablet=&#8220;default&#8220; column_direction_phone=&#8220;default&#8220; scene_position=&#8220;center&#8220; text_color=&#8220;dark&#8220; text_align=&#8220;left&#8220; row_border_radius=&#8220;none&#8220; row_border_radius_applies=&#8220;bg&#8220; overflow=&#8220;visible&#8220; overlay_strength=&#8220;0.3&#8243; gradient_direction=&#8220;left_to_right&#8220; shape_divider_position=&#8220;bottom&#8220; bg_image_animation=&#8220;none&#8220;][vc_column column_padding=&#8220;padding-3-percent&#8220; column_padding_tablet=&#8220;inherit&#8220; column_padding_phone=&#8220;inherit&#8220; column_padding_position=&#8220;all&#8220; column_element_direction_desktop=&#8220;default&#8220; column_element_spacing=&#8220;default&#8220; desktop_text_alignment=&#8220;default&#8220; tablet_text_alignment=&#8220;default&#8220; phone_text_alignment=&#8220;default&#8220; background_color_opacity=&#8220;1&#8243; background_hover_color_opacity=&#8220;1&#8243; column_backdrop_filter=&#8220;none&#8220; column_shadow=&#8220;none&#8220;...","og_url":"https:\/\/eshouse.pl\/de\/saunen\/","og_site_name":"Eco Small House","article_publisher":"https:\/\/www.facebook.com\/ecosmallhouse","article_modified_time":"2024-05-08T14:07:51+00:00","twitter_card":"summary_large_image","twitter_misc":{"Gesch\u00e4tzte Lesezeit":"2\u00a0Minuten"},"schema":{"@context":"https:\/\/schema.org","@graph":[{"@type":"WebPage","@id":"https:\/\/eshouse.pl\/de\/saunen\/","url":"https:\/\/eshouse.pl\/de\/saunen\/","name":"Saunen - Eco Small House","isPartOf":{"@id":"https:\/\/eshouse.pl\/de\/#website"},"datePublished":"2024-01-19T13:17:42+00:00","dateModified":"2024-05-08T14:07:51+00:00","breadcrumb":{"@id":"https:\/\/eshouse.pl\/de\/saunen\/#breadcrumb"},"inLanguage":"de","potentialAction":[{"@type":"ReadAction","target":["https:\/\/eshouse.pl\/de\/saunen\/"]}]},{"@type":"BreadcrumbList","@id":"https:\/\/eshouse.pl\/de\/saunen\/#breadcrumb","itemListElement":[{"@type":"ListItem","position":1,"name":"Strona g\u0142\u00f3wna","item":"https:\/\/eshouse.pl\/de\/"},{"@type":"ListItem","position":2,"name":"Saunen"}]},{"@type":"WebSite","@id":"https:\/\/eshouse.pl\/de\/#website","url":"https:\/\/eshouse.pl\/de\/","name":"Eco Small House","description":"","publisher":{"@id":"https:\/\/eshouse.pl\/de\/#organization"},"potentialAction":[{"@type":"SearchAction","target":{"@type":"EntryPoint","urlTemplate":"https:\/\/eshouse.pl\/de\/?s={search_term_string}"},"query-input":"required name=search_term_string"}],"inLanguage":"de"},{"@type":"Organization","@id":"https:\/\/eshouse.pl\/de\/#organization","name":"Eco Small House","url":"https:\/\/eshouse.pl\/de\/","logo":{"@type":"ImageObject","inLanguage":"de","@id":"https:\/\/eshouse.pl\/de\/#\/schema\/logo\/image\/","url":"https:\/\/eshouse.pl\/wp-content\/uploads\/2024\/01\/ecosmallhouse_200.png","contentUrl":"https:\/\/eshouse.pl\/wp-content\/uploads\/2024\/01\/ecosmallhouse_200.png","width":478,"height":200,"caption":"Eco Small House"},"image":{"@id":"https:\/\/eshouse.pl\/de\/#\/schema\/logo\/image\/"},"sameAs":["https:\/\/www.facebook.com\/ecosmallhouse","https:\/\/www.instagram.com\/ecosmallhouse\/","https:\/\/www.tiktok.com\/@ecosmallhouse"]}]}},"_links":{"self":[{"href":"https:\/\/eshouse.pl\/de\/wp-json\/wp\/v2\/pages\/2129","targetHints":{"allow":["GET"]}}],"collection":[{"href":"https:\/\/eshouse.pl\/de\/wp-json\/wp\/v2\/pages"}],"about":[{"href":"https:\/\/eshouse.pl\/de\/wp-json\/wp\/v2\/types\/page"}],"author":[{"embeddable":true,"href":"https:\/\/eshouse.pl\/de\/wp-json\/wp\/v2\/users\/1"}],"replies":[{"embeddable":true,"href":"https:\/\/eshouse.pl\/de\/wp-json\/wp\/v2\/comments?post=2129"}],"version-history":[{"count":2,"href":"https:\/\/eshouse.pl\/de\/wp-json\/wp\/v2\/pages\/2129\/revisions"}],"predecessor-version":[{"id":2226,"href":"https:\/\/eshouse.pl\/de\/wp-json\/wp\/v2\/pages\/2129\/revisions\/2226"}],"wp:attachment":[{"href":"https:\/\/eshouse.pl\/de\/wp-json\/wp\/v2\/media?parent=2129"}],"curies":[{"name":"wp","href":"https:\/\/api.w.org\/{rel}","templated":true}]}}