{"id":2111,"date":"2024-02-22T16:13:28","date_gmt":"2024-02-22T15:13:28","guid":{"rendered":"https:\/\/eshouse.eu\/?page_id=2111"},"modified":"2024-05-08T15:56:02","modified_gmt":"2024-05-08T13:56:02","slug":"multimodulhaeuser","status":"publish","type":"page","link":"https:\/\/eshouse.pl\/de\/modulhaeuser\/multimodulhaeuser\/","title":{"rendered":"Multimodulh\u00e4user"},"content":{"rendered":"[vc_row type=&#8220;in_container&#8220; full_screen_row_position=&#8220;middle&#8220; column_margin=&#8220;default&#8220; column_direction=&#8220;default&#8220; column_direction_tablet=&#8220;default&#8220; column_direction_phone=&#8220;default&#8220; scene_position=&#8220;center&#8220; text_color=&#8220;dark&#8220; text_align=&#8220;left&#8220; row_border_radius=&#8220;none&#8220; row_border_radius_applies=&#8220;bg&#8220; overflow=&#8220;visible&#8220; overlay_strength=&#8220;0.3&#8243; gradient_direction=&#8220;left_to_right&#8220; shape_divider_position=&#8220;bottom&#8220; bg_image_animation=&#8220;none&#8220;][vc_column column_padding=&#8220;padding-3-percent&#8220; column_padding_tablet=&#8220;inherit&#8220; column_padding_phone=&#8220;inherit&#8220; column_padding_position=&#8220;all&#8220; column_element_direction_desktop=&#8220;default&#8220; column_element_spacing=&#8220;default&#8220; desktop_text_alignment=&#8220;default&#8220; tablet_text_alignment=&#8220;default&#8220; phone_text_alignment=&#8220;default&#8220; background_color_opacity=&#8220;1&#8243; background_hover_color_opacity=&#8220;1&#8243; column_backdrop_filter=&#8220;none&#8220; column_shadow=&#8220;none&#8220; column_border_radius=&#8220;none&#8220; column_link_target=&#8220;_self&#8220; column_position=&#8220;default&#8220; gradient_direction=&#8220;left_to_right&#8220; overlay_strength=&#8220;0.3&#8243; width=&#8220;1\/1&#8243; tablet_width_inherit=&#8220;default&#8220; animation_type=&#8220;default&#8220; bg_image_animation=&#8220;none&#8220; border_type=&#8220;simple&#8220; column_border_width=&#8220;none&#8220; column_border_style=&#8220;solid&#8220; column_padding_type=&#8220;default&#8220; gradient_type=&#8220;default&#8220;][vc_column_text text_direction=&#8220;default&#8220; el_class=&#8220;header-right&#8220;]\n<h1 style=\"text-align: center;\"><strong>MULTIMODUL<\/strong>H\u00c4USER<\/h1>\n[\/vc_column_text][vc_column_text text_direction=&#8220;default&#8220;]\n<p style=\"text-align: justify;\">Unsere aus mehreren Modulen bestehenden H\u00e4user erm\u00f6glichen Ihnen eine bequeme Anpassung an Ihre Bed\u00fcrfnisse. Sie bestehen aus zwei oder mehreren Modulen und bieten mehr Gestaltungs- und Funktionsm\u00f6glichkeiten sowie eine gr\u00f6\u00dfere Fl\u00e4che. Ein Teil der Montage wird auf dem Grundst\u00fcck des Bauherrn erfolgen, wo die Verbindung der Module zu einem wichtigen Schritt wird, der erm\u00f6glicht, einen stimmigen und bequemen Wohnraum zu gestalten.<\/p>\n[\/vc_column_text][\/vc_column][\/vc_row][vc_row type=&#8220;in_container&#8220; full_screen_row_position=&#8220;middle&#8220; column_margin=&#8220;default&#8220; column_direction=&#8220;default&#8220; column_direction_tablet=&#8220;default&#8220; column_direction_phone=&#8220;default&#8220; scene_position=&#8220;center&#8220; bottom_padding=&#8220;60&#8243; text_color=&#8220;dark&#8220; text_align=&#8220;left&#8220; row_border_radius=&#8220;none&#8220; row_border_radius_applies=&#8220;bg&#8220; overflow=&#8220;visible&#8220; overlay_strength=&#8220;0.3&#8243; gradient_direction=&#8220;left_to_right&#8220; shape_divider_position=&#8220;bottom&#8220; bg_image_animation=&#8220;none&#8220; gradient_type=&#8220;default&#8220; shape_type=&#8220;&#8220;][vc_column column_padding=&#8220;no-extra-padding&#8220; column_padding_tablet=&#8220;inherit&#8220; column_padding_phone=&#8220;inherit&#8220; column_padding_position=&#8220;all&#8220; column_element_direction_desktop=&#8220;default&#8220; column_element_spacing=&#8220;default&#8220; desktop_text_alignment=&#8220;default&#8220; tablet_text_alignment=&#8220;default&#8220; phone_text_alignment=&#8220;default&#8220; background_color_opacity=&#8220;1&#8243; background_hover_color_opacity=&#8220;1&#8243; column_backdrop_filter=&#8220;none&#8220; column_shadow=&#8220;none&#8220; column_border_radius=&#8220;none&#8220; column_link_target=&#8220;_self&#8220; column_position=&#8220;default&#8220; gradient_direction=&#8220;left_to_right&#8220; overlay_strength=&#8220;0.3&#8243; width=&#8220;1\/1&#8243; tablet_width_inherit=&#8220;default&#8220; animation_type=&#8220;default&#8220; bg_image_animation=&#8220;none&#8220; border_type=&#8220;simple&#8220; column_border_width=&#8220;none&#8220; column_border_style=&#8220;solid&#8220;][vc_column_text text_direction=&#8220;default&#8220;]<div class=\"domki-wrap\"><div class=\"single-domek\">\n\t\t\t<a class=\"domek-link\" href=\"https:\/\/eshouse.pl\/de\/modulhaeuser\/multimodulhaeuser\/typ-f\/\">\n\t\t\t<div class=\"domek-img\" style=\"background-image: url(https:\/\/eshouse.pl\/wp-content\/uploads\/2024\/02\/F1.jpg);\">\n\t\t\t\t<h3>Typ F<\/h3>\n\t\t\t<\/div>\n\t\t\t<div class=\"domek-opis\">\n\t\t\t\t<div class=\"parametry\"><div class=\"par pow-zabudowy\">bebaute Fl\u00e4che: <span class=\"wartosc\">35 m<sup>2<\/sup><\/span><\/div><div class=\"par sypialnie\">Schlafzimmer: <span class=\"wartosc\">1<\/span><\/div><div class=\"par cena\">Preis: <span class=\"wartosc\">od 207 000 z\u0142 netto<\/span><\/div><\/div>\n\t\t\t<\/div>\n\t\t\t<\/a>\n\t\t<\/div><div class=\"single-domek\">\n\t\t\t<a class=\"domek-link\" href=\"https:\/\/eshouse.pl\/de\/modulhaeuser\/multimodulhaeuser\/m-1\/\">\n\t\t\t<div class=\"domek-img\" style=\"background-image: url(https:\/\/eshouse.pl\/wp-content\/uploads\/2024\/02\/M1-1.jpg);\">\n\t\t\t\t<h3>M.1<\/h3>\n\t\t\t<\/div>\n\t\t\t<div class=\"domek-opis\">\n\t\t\t\t<div class=\"parametry\"><div class=\"par pow-zabudowy\">bebaute Fl\u00e4che: <span class=\"wartosc\">70 m<sup>2<\/sup><\/span><\/div><div class=\"par sypialnie\">Schlafzimmer: <span class=\"wartosc\">2<\/span><\/div><div class=\"par cena\">Preis: <span class=\"wartosc\">od 220 000 z\u0142 netto<\/span><\/div><\/div>\n\t\t\t<\/div>\n\t\t\t<\/a>\n\t\t<\/div><div class=\"single-domek\">\n\t\t\t<a class=\"domek-link\" href=\"https:\/\/eshouse.pl\/de\/modulhaeuser\/multimodulhaeuser\/m-2\/\">\n\t\t\t<div class=\"domek-img\" style=\"background-image: url(https:\/\/eshouse.pl\/wp-content\/uploads\/2024\/02\/M2-1.jpg);\">\n\t\t\t\t<h3>M.2<\/h3>\n\t\t\t<\/div>\n\t\t\t<div class=\"domek-opis\">\n\t\t\t\t<div class=\"parametry\"><div class=\"par pow-zabudowy\">bebaute Fl\u00e4che: <span class=\"wartosc\">70 m<sup>2<\/sup><\/span><\/div><div class=\"par sypialnie\">Schlafzimmer: <span class=\"wartosc\">2<\/span><\/div><div class=\"par cena\">Preis: <span class=\"wartosc\">od 205 000 z\u0142 netto<\/span><\/div><\/div>\n\t\t\t<\/div>\n\t\t\t<\/a>\n\t\t<\/div><div class=\"single-domek\">\n\t\t\t<a class=\"domek-link\" href=\"https:\/\/eshouse.pl\/de\/modulhaeuser\/multimodulhaeuser\/m-3\/\">\n\t\t\t<div class=\"domek-img\" style=\"background-image: url(https:\/\/eshouse.pl\/wp-content\/uploads\/2024\/02\/M3-1.jpg);\">\n\t\t\t\t<h3>M.3<\/h3>\n\t\t\t<\/div>\n\t\t\t<div class=\"domek-opis\">\n\t\t\t\t<div class=\"parametry\"><div class=\"par pow-zabudowy\">bebaute Fl\u00e4che: <span class=\"wartosc\">70 m<sup>2<\/sup><\/span><\/div><div class=\"par sypialnie\">Schlafzimmer: <span class=\"wartosc\">4<\/span><\/div><div class=\"par cena\">Preis: <span class=\"wartosc\">od 220 000 z\u0142 netto<\/span><\/div><\/div>\n\t\t\t<\/div>\n\t\t\t<\/a>\n\t\t<\/div><div class=\"single-domek\">\n\t\t\t<a class=\"domek-link\" href=\"https:\/\/eshouse.pl\/de\/modulhaeuser\/multimodulhaeuser\/individueller-entwurf\/\">\n\t\t\t<div class=\"domek-img\" style=\"background-image: url(https:\/\/eshouse.pl\/wp-content\/uploads\/2024\/04\/AdobeStock_84595561.jpg);\">\n\t\t\t\t<h3>Individueller Entwurf<\/h3>\n\t\t\t<\/div>\n\t\t\t<div class=\"domek-opis\">\n\t\t\t\t<div class=\"parametry\"><div class=\"par pow-zabudowy\">bebaute Fl\u00e4che: <span class=\"wartosc\">? m<sup>2<\/sup><\/span><\/div><\/div>\n\t\t\t<\/div>\n\t\t\t<\/a>\n\t\t<\/div><\/div>[\/vc_column_text][\/vc_column][\/vc_row][vc_row type=&#8220;in_container&#8220; full_screen_row_position=&#8220;middle&#8220; column_margin=&#8220;default&#8220; column_direction=&#8220;default&#8220; column_direction_tablet=&#8220;default&#8220; column_direction_phone=&#8220;default&#8220; scene_position=&#8220;center&#8220; bottom_padding=&#8220;100&#8243; text_color=&#8220;dark&#8220; text_align=&#8220;left&#8220; row_border_radius=&#8220;none&#8220; row_border_radius_applies=&#8220;bg&#8220; overflow=&#8220;visible&#8220; overlay_strength=&#8220;0.3&#8243; gradient_direction=&#8220;left_to_right&#8220; shape_divider_position=&#8220;bottom&#8220; bg_image_animation=&#8220;none&#8220; gradient_type=&#8220;default&#8220; shape_type=&#8220;&#8220;][vc_column column_padding=&#8220;no-extra-padding&#8220; column_padding_tablet=&#8220;inherit&#8220; column_padding_phone=&#8220;inherit&#8220; column_padding_position=&#8220;all&#8220; column_element_direction_desktop=&#8220;default&#8220; column_element_spacing=&#8220;default&#8220; desktop_text_alignment=&#8220;default&#8220; tablet_text_alignment=&#8220;default&#8220; phone_text_alignment=&#8220;default&#8220; background_color_opacity=&#8220;1&#8243; background_hover_color_opacity=&#8220;1&#8243; column_backdrop_filter=&#8220;none&#8220; column_shadow=&#8220;none&#8220; column_border_radius=&#8220;none&#8220; column_link_target=&#8220;_self&#8220; column_position=&#8220;default&#8220; gradient_direction=&#8220;left_to_right&#8220; overlay_strength=&#8220;0.3&#8243; width=&#8220;1\/1&#8243; tablet_width_inherit=&#8220;default&#8220; animation_type=&#8220;default&#8220; bg_image_animation=&#8220;none&#8220; border_type=&#8220;simple&#8220; column_border_width=&#8220;none&#8220; column_border_style=&#8220;solid&#8220;][nectar_global_section id=&#8220;2157&#8243;][\/vc_column][\/vc_row][vc_row type=&#8220;in_container&#8220; full_screen_row_position=&#8220;middle&#8220; column_margin=&#8220;default&#8220; column_direction=&#8220;default&#8220; column_direction_tablet=&#8220;default&#8220; column_direction_phone=&#8220;default&#8220; scene_position=&#8220;center&#8220; text_color=&#8220;dark&#8220; text_align=&#8220;left&#8220; row_border_radius=&#8220;none&#8220; row_border_radius_applies=&#8220;bg&#8220; overflow=&#8220;visible&#8220; overlay_strength=&#8220;0.3&#8243; gradient_direction=&#8220;left_to_right&#8220; shape_divider_position=&#8220;bottom&#8220; bg_image_animation=&#8220;none&#8220;][vc_column column_padding=&#8220;no-extra-padding&#8220; column_padding_tablet=&#8220;inherit&#8220; column_padding_phone=&#8220;inherit&#8220; column_padding_position=&#8220;all&#8220; column_element_direction_desktop=&#8220;default&#8220; column_element_spacing=&#8220;default&#8220; desktop_text_alignment=&#8220;default&#8220; tablet_text_alignment=&#8220;default&#8220; phone_text_alignment=&#8220;default&#8220; background_color_opacity=&#8220;1&#8243; background_hover_color_opacity=&#8220;1&#8243; column_backdrop_filter=&#8220;none&#8220; column_shadow=&#8220;none&#8220; column_border_radius=&#8220;none&#8220; column_link_target=&#8220;_self&#8220; column_position=&#8220;default&#8220; gradient_direction=&#8220;left_to_right&#8220; overlay_strength=&#8220;0.3&#8243; width=&#8220;1\/1&#8243; tablet_width_inherit=&#8220;default&#8220; animation_type=&#8220;default&#8220; bg_image_animation=&#8220;none&#8220; border_type=&#8220;simple&#8220; column_border_width=&#8220;none&#8220; column_border_style=&#8220;solid&#8220;][nectar_global_section id=&#8220;2168&#8243;][\/vc_column][\/vc_row]\n","protected":false},"excerpt":{"rendered":"<p>[vc_row type=&#8220;in_container&#8220; full_screen_row_position=&#8220;middle&#8220; column_margin=&#8220;default&#8220; column_direction=&#8220;default&#8220; column_direction_tablet=&#8220;default&#8220; column_direction_phone=&#8220;default&#8220; scene_position=&#8220;center&#8220; text_color=&#8220;dark&#8220; text_align=&#8220;left&#8220; row_border_radius=&#8220;none&#8220; row_border_radius_applies=&#8220;bg&#8220; overflow=&#8220;visible&#8220; overlay_strength=&#8220;0.3&#8243; gradient_direction=&#8220;left_to_right&#8220; shape_divider_position=&#8220;bottom&#8220; bg_image_animation=&#8220;none&#8220;][vc_column column_padding=&#8220;padding-3-percent&#8220; column_padding_tablet=&#8220;inherit&#8220; column_padding_phone=&#8220;inherit&#8220; column_padding_position=&#8220;all&#8220; column_element_direction_desktop=&#8220;default&#8220; column_element_spacing=&#8220;default&#8220; desktop_text_alignment=&#8220;default&#8220; tablet_text_alignment=&#8220;default&#8220; phone_text_alignment=&#8220;default&#8220; background_color_opacity=&#8220;1&#8243; background_hover_color_opacity=&#8220;1&#8243; column_backdrop_filter=&#8220;none&#8220; column_shadow=&#8220;none&#8220;&#8230;<\/p>\n","protected":false},"author":1,"featured_media":0,"parent":2153,"menu_order":0,"comment_status":"closed","ping_status":"closed","template":"","meta":{"_acf_changed":false,"footnotes":""},"class_list":["post-2111","page","type-page","status-publish"],"acf":[],"yoast_head":"<!-- This site is optimized with the Yoast SEO plugin v22.4 - https:\/\/yoast.com\/wordpress\/plugins\/seo\/ -->\n<title>Multimodulh\u00e4user - Eco Small House<\/title>\n<meta name=\"robots\" content=\"index, follow, max-snippet:-1, max-image-preview:large, max-video-preview:-1\" \/>\n<link rel=\"canonical\" href=\"https:\/\/eshouse.pl\/de\/modulhaeuser\/multimodulhaeuser\/\" \/>\n<meta property=\"og:locale\" content=\"de_DE\" \/>\n<meta property=\"og:type\" content=\"article\" \/>\n<meta property=\"og:title\" content=\"Multimodulh\u00e4user - Eco Small House\" \/>\n<meta property=\"og:description\" content=\"[vc_row type=&#8220;in_container&#8220; full_screen_row_position=&#8220;middle&#8220; column_margin=&#8220;default&#8220; column_direction=&#8220;default&#8220; column_direction_tablet=&#8220;default&#8220; column_direction_phone=&#8220;default&#8220; scene_position=&#8220;center&#8220; text_color=&#8220;dark&#8220; text_align=&#8220;left&#8220; row_border_radius=&#8220;none&#8220; row_border_radius_applies=&#8220;bg&#8220; overflow=&#8220;visible&#8220; overlay_strength=&#8220;0.3&#8243; gradient_direction=&#8220;left_to_right&#8220; shape_divider_position=&#8220;bottom&#8220; bg_image_animation=&#8220;none&#8220;][vc_column column_padding=&#8220;padding-3-percent&#8220; column_padding_tablet=&#8220;inherit&#8220; column_padding_phone=&#8220;inherit&#8220; column_padding_position=&#8220;all&#8220; column_element_direction_desktop=&#8220;default&#8220; column_element_spacing=&#8220;default&#8220; desktop_text_alignment=&#8220;default&#8220; tablet_text_alignment=&#8220;default&#8220; phone_text_alignment=&#8220;default&#8220; background_color_opacity=&#8220;1&#8243; background_hover_color_opacity=&#8220;1&#8243; column_backdrop_filter=&#8220;none&#8220; column_shadow=&#8220;none&#8220;...\" \/>\n<meta property=\"og:url\" content=\"https:\/\/eshouse.pl\/de\/modulhaeuser\/multimodulhaeuser\/\" \/>\n<meta property=\"og:site_name\" content=\"Eco Small House\" \/>\n<meta property=\"article:publisher\" content=\"https:\/\/www.facebook.com\/ecosmallhouse\" \/>\n<meta property=\"article:modified_time\" content=\"2024-05-08T13:56:02+00:00\" \/>\n<meta name=\"twitter:card\" content=\"summary_large_image\" \/>\n<meta name=\"twitter:label1\" content=\"Gesch\u00e4tzte Lesezeit\" \/>\n\t<meta name=\"twitter:data1\" content=\"2\u00a0Minuten\" \/>\n<script type=\"application\/ld+json\" class=\"yoast-schema-graph\">{\"@context\":\"https:\/\/schema.org\",\"@graph\":[{\"@type\":\"WebPage\",\"@id\":\"https:\/\/eshouse.pl\/de\/modulhaeuser\/multimodulhaeuser\/\",\"url\":\"https:\/\/eshouse.pl\/de\/modulhaeuser\/multimodulhaeuser\/\",\"name\":\"Multimodulh\u00e4user - Eco Small House\",\"isPartOf\":{\"@id\":\"https:\/\/eshouse.pl\/de\/#website\"},\"datePublished\":\"2024-02-22T15:13:28+00:00\",\"dateModified\":\"2024-05-08T13:56:02+00:00\",\"breadcrumb\":{\"@id\":\"https:\/\/eshouse.pl\/de\/modulhaeuser\/multimodulhaeuser\/#breadcrumb\"},\"inLanguage\":\"de\",\"potentialAction\":[{\"@type\":\"ReadAction\",\"target\":[\"https:\/\/eshouse.pl\/de\/modulhaeuser\/multimodulhaeuser\/\"]}]},{\"@type\":\"BreadcrumbList\",\"@id\":\"https:\/\/eshouse.pl\/de\/modulhaeuser\/multimodulhaeuser\/#breadcrumb\",\"itemListElement\":[{\"@type\":\"ListItem\",\"position\":1,\"name\":\"Strona g\u0142\u00f3wna\",\"item\":\"https:\/\/eshouse.pl\/de\/\"},{\"@type\":\"ListItem\",\"position\":2,\"name\":\"Modulh\u00e4user\",\"item\":\"https:\/\/eshouse.pl\/de\/modulhaeuser\/\"},{\"@type\":\"ListItem\",\"position\":3,\"name\":\"Multimodulh\u00e4user\"}]},{\"@type\":\"WebSite\",\"@id\":\"https:\/\/eshouse.pl\/de\/#website\",\"url\":\"https:\/\/eshouse.pl\/de\/\",\"name\":\"Eco Small House\",\"description\":\"\",\"publisher\":{\"@id\":\"https:\/\/eshouse.pl\/de\/#organization\"},\"potentialAction\":[{\"@type\":\"SearchAction\",\"target\":{\"@type\":\"EntryPoint\",\"urlTemplate\":\"https:\/\/eshouse.pl\/de\/?s={search_term_string}\"},\"query-input\":\"required name=search_term_string\"}],\"inLanguage\":\"de\"},{\"@type\":\"Organization\",\"@id\":\"https:\/\/eshouse.pl\/de\/#organization\",\"name\":\"Eco Small House\",\"url\":\"https:\/\/eshouse.pl\/de\/\",\"logo\":{\"@type\":\"ImageObject\",\"inLanguage\":\"de\",\"@id\":\"https:\/\/eshouse.pl\/de\/#\/schema\/logo\/image\/\",\"url\":\"https:\/\/eshouse.pl\/wp-content\/uploads\/2024\/01\/ecosmallhouse_200.png\",\"contentUrl\":\"https:\/\/eshouse.pl\/wp-content\/uploads\/2024\/01\/ecosmallhouse_200.png\",\"width\":478,\"height\":200,\"caption\":\"Eco Small House\"},\"image\":{\"@id\":\"https:\/\/eshouse.pl\/de\/#\/schema\/logo\/image\/\"},\"sameAs\":[\"https:\/\/www.facebook.com\/ecosmallhouse\",\"https:\/\/www.instagram.com\/ecosmallhouse\/\",\"https:\/\/www.tiktok.com\/@ecosmallhouse\"]}]}<\/script>\n<!-- \/ Yoast SEO plugin. -->","yoast_head_json":{"title":"Multimodulh\u00e4user - Eco Small House","robots":{"index":"index","follow":"follow","max-snippet":"max-snippet:-1","max-image-preview":"max-image-preview:large","max-video-preview":"max-video-preview:-1"},"canonical":"https:\/\/eshouse.pl\/de\/modulhaeuser\/multimodulhaeuser\/","og_locale":"de_DE","og_type":"article","og_title":"Multimodulh\u00e4user - Eco Small House","og_description":"[vc_row type=&#8220;in_container&#8220; full_screen_row_position=&#8220;middle&#8220; column_margin=&#8220;default&#8220; column_direction=&#8220;default&#8220; column_direction_tablet=&#8220;default&#8220; column_direction_phone=&#8220;default&#8220; scene_position=&#8220;center&#8220; text_color=&#8220;dark&#8220; text_align=&#8220;left&#8220; row_border_radius=&#8220;none&#8220; row_border_radius_applies=&#8220;bg&#8220; overflow=&#8220;visible&#8220; overlay_strength=&#8220;0.3&#8243; gradient_direction=&#8220;left_to_right&#8220; shape_divider_position=&#8220;bottom&#8220; bg_image_animation=&#8220;none&#8220;][vc_column column_padding=&#8220;padding-3-percent&#8220; column_padding_tablet=&#8220;inherit&#8220; column_padding_phone=&#8220;inherit&#8220; column_padding_position=&#8220;all&#8220; column_element_direction_desktop=&#8220;default&#8220; column_element_spacing=&#8220;default&#8220; desktop_text_alignment=&#8220;default&#8220; tablet_text_alignment=&#8220;default&#8220; phone_text_alignment=&#8220;default&#8220; background_color_opacity=&#8220;1&#8243; background_hover_color_opacity=&#8220;1&#8243; column_backdrop_filter=&#8220;none&#8220; column_shadow=&#8220;none&#8220;...","og_url":"https:\/\/eshouse.pl\/de\/modulhaeuser\/multimodulhaeuser\/","og_site_name":"Eco Small House","article_publisher":"https:\/\/www.facebook.com\/ecosmallhouse","article_modified_time":"2024-05-08T13:56:02+00:00","twitter_card":"summary_large_image","twitter_misc":{"Gesch\u00e4tzte Lesezeit":"2\u00a0Minuten"},"schema":{"@context":"https:\/\/schema.org","@graph":[{"@type":"WebPage","@id":"https:\/\/eshouse.pl\/de\/modulhaeuser\/multimodulhaeuser\/","url":"https:\/\/eshouse.pl\/de\/modulhaeuser\/multimodulhaeuser\/","name":"Multimodulh\u00e4user - Eco Small House","isPartOf":{"@id":"https:\/\/eshouse.pl\/de\/#website"},"datePublished":"2024-02-22T15:13:28+00:00","dateModified":"2024-05-08T13:56:02+00:00","breadcrumb":{"@id":"https:\/\/eshouse.pl\/de\/modulhaeuser\/multimodulhaeuser\/#breadcrumb"},"inLanguage":"de","potentialAction":[{"@type":"ReadAction","target":["https:\/\/eshouse.pl\/de\/modulhaeuser\/multimodulhaeuser\/"]}]},{"@type":"BreadcrumbList","@id":"https:\/\/eshouse.pl\/de\/modulhaeuser\/multimodulhaeuser\/#breadcrumb","itemListElement":[{"@type":"ListItem","position":1,"name":"Strona g\u0142\u00f3wna","item":"https:\/\/eshouse.pl\/de\/"},{"@type":"ListItem","position":2,"name":"Modulh\u00e4user","item":"https:\/\/eshouse.pl\/de\/modulhaeuser\/"},{"@type":"ListItem","position":3,"name":"Multimodulh\u00e4user"}]},{"@type":"WebSite","@id":"https:\/\/eshouse.pl\/de\/#website","url":"https:\/\/eshouse.pl\/de\/","name":"Eco Small House","description":"","publisher":{"@id":"https:\/\/eshouse.pl\/de\/#organization"},"potentialAction":[{"@type":"SearchAction","target":{"@type":"EntryPoint","urlTemplate":"https:\/\/eshouse.pl\/de\/?s={search_term_string}"},"query-input":"required name=search_term_string"}],"inLanguage":"de"},{"@type":"Organization","@id":"https:\/\/eshouse.pl\/de\/#organization","name":"Eco Small House","url":"https:\/\/eshouse.pl\/de\/","logo":{"@type":"ImageObject","inLanguage":"de","@id":"https:\/\/eshouse.pl\/de\/#\/schema\/logo\/image\/","url":"https:\/\/eshouse.pl\/wp-content\/uploads\/2024\/01\/ecosmallhouse_200.png","contentUrl":"https:\/\/eshouse.pl\/wp-content\/uploads\/2024\/01\/ecosmallhouse_200.png","width":478,"height":200,"caption":"Eco Small House"},"image":{"@id":"https:\/\/eshouse.pl\/de\/#\/schema\/logo\/image\/"},"sameAs":["https:\/\/www.facebook.com\/ecosmallhouse","https:\/\/www.instagram.com\/ecosmallhouse\/","https:\/\/www.tiktok.com\/@ecosmallhouse"]}]}},"_links":{"self":[{"href":"https:\/\/eshouse.pl\/de\/wp-json\/wp\/v2\/pages\/2111","targetHints":{"allow":["GET"]}}],"collection":[{"href":"https:\/\/eshouse.pl\/de\/wp-json\/wp\/v2\/pages"}],"about":[{"href":"https:\/\/eshouse.pl\/de\/wp-json\/wp\/v2\/types\/page"}],"author":[{"embeddable":true,"href":"https:\/\/eshouse.pl\/de\/wp-json\/wp\/v2\/users\/1"}],"replies":[{"embeddable":true,"href":"https:\/\/eshouse.pl\/de\/wp-json\/wp\/v2\/comments?post=2111"}],"version-history":[{"count":2,"href":"https:\/\/eshouse.pl\/de\/wp-json\/wp\/v2\/pages\/2111\/revisions"}],"predecessor-version":[{"id":2209,"href":"https:\/\/eshouse.pl\/de\/wp-json\/wp\/v2\/pages\/2111\/revisions\/2209"}],"up":[{"embeddable":true,"href":"https:\/\/eshouse.pl\/de\/wp-json\/wp\/v2\/pages\/2153"}],"wp:attachment":[{"href":"https:\/\/eshouse.pl\/de\/wp-json\/wp\/v2\/media?parent=2111"}],"curies":[{"name":"wp","href":"https:\/\/api.w.org\/{rel}","templated":true}]}}